{"id":558,"date":"2020-11-19T20:47:39","date_gmt":"2020-11-19T20:47:39","guid":{"rendered":"https:\/\/hooklundstool.eightdesign.io\/?post_type=product&#038;p=558"},"modified":"2020-12-27T22:29:08","modified_gmt":"2020-12-27T22:29:08","slug":"moulin-armchair","status":"publish","type":"product","link":"https:\/\/www.hooklundstool.com\/sr\/product\/moulin-armchair\/","title":{"rendered":"Moulin fotelja"},"content":{"rendered":"<p>Ova fofelja odi\u0161e nesvakida\u0161njim dizajnom i prestavlja iskorak u izgledu  dosada\u0161njih komada koje Hookl und stool dizajnirao i proizveo. Naizgled vesela, a u su\u0161tini ozbiljna, za ljude koji su \u201cpomalo\u201d  druga\u010diji,ekscentri\u010dni, \u0161ik.<br \/>\nSvojim seksipilom pleni podjednaku pa\u017enju i \u017eena i mu\u0161karaca. Njen karakteristi\u010dan oblik jastuka sa konveksno oblikovanim sedalnim i naslonskim  delom, \u201cusnama\u201c na licu sedi\u0161tu i naslona, kompletno oivi\u010dena vrcavim  karnerima, zaslu\u017eni su za njenu seksipilnost i vedrinu, a opet sa druge strane njena baza izvajana  od punog drveta vra\u0107a joj karakter jedne ustvari ozbiljne dame koja zna ko je i \u0161ta zeli.<br \/>\nIme Moulin nedvosmisleno da ocrtava njen karakter &#8211; spoj umetnosti i seksipila.<br \/>\n<\/p>","protected":false},"excerpt":{"rendered":"<div id=\"gtx-trans\" style=\"position: absolute; left: 665px; top: -9px;\">\n<div class=\"gtx-trans-icon\"><\/div>\n<\/div>\n","protected":false},"featured_media":2121,"template":"","meta":[],"product_cat":[53],"product_tag":[],"_links":{"self":[{"href":"https:\/\/www.hooklundstool.com\/sr\/wp-json\/wp\/v2\/product\/558"}],"collection":[{"href":"https:\/\/www.hooklundstool.com\/sr\/wp-json\/wp\/v2\/product"}],"about":[{"href":"https:\/\/www.hooklundstool.com\/sr\/wp-json\/wp\/v2\/types\/product"}],"wp:featuredmedia":[{"embeddable":true,"href":"https:\/\/www.hooklundstool.com\/sr\/wp-json\/wp\/v2\/media\/2121"}],"wp:attachment":[{"href":"https:\/\/www.hooklundstool.com\/sr\/wp-json\/wp\/v2\/media?parent=558"}],"wp:term":[{"taxonomy":"product_cat","embeddable":true,"href":"https:\/\/www.hooklundstool.com\/sr\/wp-json\/wp\/v2\/product_cat?post=558"},{"taxonomy":"product_tag","embeddable":true,"href":"https:\/\/www.hooklundstool.com\/sr\/wp-json\/wp\/v2\/product_tag?post=558"}],"curies":[{"name":"wp","href":"https:\/\/api.w.org\/{rel}","templated":true}]}}